{"id":1330,"date":"2023-07-26T10:20:45","date_gmt":"2023-07-26T10:20:45","guid":{"rendered":"https:\/\/peopleinbest.es\/?page_id=1330"},"modified":"2023-07-26T10:25:31","modified_gmt":"2023-07-26T10:25:31","slug":"politica-de-cookies","status":"publish","type":"page","link":"https:\/\/peopleinbest.es\/en\/politica-de-cookies\/","title":{"rendered":"Cookies Policy"},"content":{"rendered":"<div data-elementor-type=\"wp-page\" data-elementor-id=\"1330\" class=\"elementor elementor-1330\">\n\t\t\t\t\t\t<section class=\"elementor-section elementor-top-section elementor-element elementor-element-3b651e50 elementor-section-boxed elementor-section-height-default elementor-section-height-default\" data-id=\"3b651e50\" data-element_type=\"section\" data-e-type=\"section\">\n\t\t\t\t\t\t<div class=\"elementor-container elementor-column-gap-default\">\n\t\t\t\t\t<div class=\"elementor-column elementor-col-100 elementor-top-column elementor-element elementor-element-1e276298\" data-id=\"1e276298\" data-element_type=\"column\" data-e-type=\"column\">\n\t\t\t<div class=\"elementor-widget-wrap elementor-element-populated\">\n\t\t\t\t\t\t<div class=\"elementor-element elementor-element-1292ad34 elementor-widget elementor-widget-text-editor\" data-id=\"1292ad34\" data-element_type=\"widget\" data-e-type=\"widget\" data-widget_type=\"text-editor.default\">\n\t\t\t\t<div class=\"elementor-widget-container\">\n\t\t\t\t\t\t\t\t\t\n<p><strong>La Pol\u00edtica de Cookies y otras tecnolog\u00edas de rastreo regulan el tratamiento de los datos, incluidos los datos personales de los usuarios recogidos en relaci\u00f3n con el uso de la web peopleinbest.es, <\/strong>tal y como se indica en nuestra\u00a0Pol\u00edtica de Privacidad\u00a0y en este aviso sobre el uso de cookies en nuestra web.<\/p>\n\n<ul class=\"wp-block-list\">\n<li><strong>\u00bfQu\u00e9 son las cookies?<\/strong><\/li>\n<\/ul>\n\n<p>Las cookies son peque\u00f1os archivos de informaci\u00f3n que se almacenan en su ordenador o dispositivo m\u00f3vil a trav\u00e9s del navegador con el fin de permitir que nuestros sistemas reconozcan su navegador y adapten la informaci\u00f3n de nuestra web seg\u00fan sus preferencias. Estos archivos permiten a la web que sea capaz de \u00abrecordar\u00bb sus acciones y preferencias durante un tiempo determinado, en concreto el nombre de usuario, el idioma elegido, el tama\u00f1o de los caracteres, entre otros ajustes de pantalla. Por ejemplo, si ya ha visitado nuestra web y ha accedido a la informaci\u00f3n de su cuenta o ha consultado servicios espec\u00edficos en la web, las cookies nos permiten presentar informaci\u00f3n adaptada a su cuenta y\/o a esos intereses espec\u00edficos la pr\u00f3xima vez que visite nuestra web.<\/p>\n\n<ul class=\"wp-block-list\">\n<li><strong>Utilizaci\u00f3n de cookies por parte de PeopleInBest<\/strong><\/li>\n<\/ul>\n\n<p>Mediante la utilizaci\u00f3n de cookies, PeopleInBest recoge informaci\u00f3n cuando el usuario visita nuestra web. Utilizamos estas cookies por diferentes razones, la m\u00e1s habitual es para diferenciar a cada usuario y ayudarnos a confeccionar estad\u00edsticas globales sobre el uso de nuestra web. Tambi\u00e9n utilizamos cookies para que se lleve una buena impresi\u00f3n al navegar por nuestra web y esto ayuda a su vez a mejorar nuestro contenido y personalizar su visita.<\/p>\n\n<ul class=\"wp-block-list\">\n<li><strong>\u00bfPor qu\u00e9 son tan importantes las cookies para la utilizaci\u00f3n de nuestra web?<\/strong><\/li>\n<\/ul>\n\n<p>Utilizamos cookies para mejorar la funcionalidad de esta web y hacer un seguimiento de la informaci\u00f3n sobre el uso de la misma, de modo que podamos mejorarla continuamente y personalizarla seg\u00fan las preferencias del usuario.<br \/>En particular:<\/p>\n\n<p>1. Las cookies permiten un uso personalizado de las webs. Para optimizar la experiencia del usuario, alguna de las funciones que est\u00e1n disponibles en nuestra web no pueden utilizarse sin cookies como es por ejemplo el inicio de sesi\u00f3n o el cambio de la configuraci\u00f3n personal.<\/p>\n\n<p>2. Sin cookies no es posible controlar el n\u00famero de visitantes de nuestra web. Por otra parte, sin esta informaci\u00f3n, los riesgos de seguridad y fraude podr\u00edan aumentar y es algo que deseamos evitar.<\/p>\n\n<p>3. Las cookies permiten comprobar c\u00f3mo los usuarios acceden y navegan por nuestra web. Esto es muy importante para que el portal sea mejor y m\u00e1s f\u00e1cil de utilizar.<\/p>\n\n<p>Tenga en cuenta que las cookies solo pueden leer el n\u00famero de identificaci\u00f3n creado por el generador de n\u00fameros aleatorios de su ordenador y solo pueden recuperar informaci\u00f3n directamente relacionada con la web de PeopleInBest.<\/p>\n\n<ul class=\"wp-block-list\">\n<li><strong>\u00bfCu\u00e1les son los diferentes tipos de cookies?<\/strong><\/li>\n<\/ul>\n\n<p>Hay varios tipos de cookies. Teniendo en cuenta la vida \u00fatil de las cookies, estas pueden ser:<\/p>\n\n<p><strong>Cookies estrictamente necesarias:<\/strong>\u00a0son aquellas cookies esenciales que le permiten navegar por la p\u00e1gina web para acceder a \u00e1reas especificas de las p\u00e1ginas webs y utilizar sus funciones, como el acceso a \u00e1reas seguras de la web mediante el inicio de sesi\u00f3n. Sin estas cookies no se pueden prestar los servicios necesarios.<\/p>\n\n<p><strong>Cookies de funcionalidad:<\/strong>\u00a0Las cookies de funcionalidad permiten recordar las preferencias del usuario en lo que respecta a la navegaci\u00f3n en la web. De este modo no es necesario volver a configurar y\/o personalizar cada vez que se visita.<\/p>\n\n<p><strong>Cookies anal\u00edticas<\/strong>: estas cookies se utilizan para analizar la forma en que los usuarios utilizan la web, permitiendo destacar art\u00edculos o servicios que pueden ser de inter\u00e9s para estos usuarios, adem\u00e1s de monitorizar el rendimiento de la web, saber qu\u00e9 p\u00e1ginas son m\u00e1s populares, qu\u00e9 m\u00e9todo de enlace entre p\u00e1ginas es m\u00e1s efectivo o determinar por qu\u00e9 algunas p\u00e1ginas reciben mensajes de error. Estas cookies se utilizan \u00fanicamente con fines de elaboraci\u00f3n y an\u00e1lisis estad\u00edsticos, sin que se recoja en ning\u00fan caso informaci\u00f3n personal.<\/p>\n\n<p><strong>Cookies permanentes:<\/strong>\u00a0se almacenan en sus dispositivos de acceso (ordenador, tel\u00e9fono m\u00f3vil\/smartphone o tableta) a nivel del navegador de internet (browser) y se utilizan cada vez que el usuario vuelve a visitar la web. En t\u00e9rminos generales, se utilizan para navegar de acuerdo con los intereses del usuario, lo que permite ofrecer un servicio m\u00e1s personalizado.<\/p>\n\n<p><strong>Cookies de sesi\u00f3n:<\/strong>\u00a0estas cookies son temporales y s\u00f3lo est\u00e1n disponibles hasta que finaliza la sesi\u00f3n. La pr\u00f3xima vez que el usuario acceda con su navegador de Internet (browser), las cookies dejar\u00e1n de estar almacenadas. La informaci\u00f3n obtenida permite gestionar las sesiones, identificar problemas y ofrecer una mejor navegaci\u00f3n.<\/p>\n\n<ul class=\"wp-block-list\">\n<li><strong>\u00bfC\u00f3mo puedo controlar las cookies en mis dispositivos?<\/strong><\/li>\n<\/ul>\n\n<p>Puede controlar la aceptaci\u00f3n de cookies modificando las preferencias de su navegador de Internet. Puede aceptar todas las cookies, recibir una notificaci\u00f3n cuando se active una cookie o rechazar todas las cookies.<\/p>\n\n<p>Tenga en cuenta que si decide bloquear todas las cookies (incluidas las esenciales), es posible que no pueda acceder a la totalidad o a parte de web y que no pueda utilizar estos servicios o participar en actividades que requieran la instalaci\u00f3n de cookies.<\/p>\n\n<ul class=\"wp-block-list\">\n<li><strong>\u00bfC\u00f3mo puedo desactivar las cookies de mi navegador?<\/strong><\/li>\n<\/ul>\n\n<p>Puede activar o desactivar las cookies ajustando la configuraci\u00f3n de su navegador. Esto le permitir\u00e1 rechazar la instalaci\u00f3n de todas las cookies (excepto las estrictamente necesarias), as\u00ed como eliminar las cookies ya instaladas en su dispositivo. Tenga en cuenta que desactivar o eliminar algunas o todas las cookies podr\u00eda impedir que algunos servicios web (incluidos los de esta p\u00e1gina) funcionen correctamente y podr\u00eda dar lugar a una navegaci\u00f3n con menos optimizaci\u00f3n o menos personalizada.<\/p>\n\n<p>Consulte a continuaci\u00f3n c\u00f3mo configurar las cookies en funci\u00f3n del navegador que est\u00e9 utilizando:<\/p>\n\n<p><strong>Si utiliza Internet Explorer:<\/strong><\/p>\n\n<p>Para desactivar todas las cookies:<br \/>1. Seleccione el men\u00fa \u00abHerramientas\u00bb y la opci\u00f3n \u00abOpciones de Internet\u00bb.<br \/>2. A continuaci\u00f3n seleccione la pesta\u00f1a \u00abPrivacidad\u00bb.<br \/>3. Desplace la barra hasta la parte superior donde aparecer\u00e1 el mensaje \u00abBloquear todas las cookies\u00bb.<\/p>\n\n<p>Obtenga m\u00e1s informaci\u00f3n\u00a0<a href=\"http:\/\/support.microsoft.com\/en-us\/help\/260971\/description-of-cookies\">aqu\u00ed<\/a>.<\/p>\n\n<p><strong>Si utiliza Internet Mozilla Firefox:<\/strong><\/p>\n\n<p>Para desactivar todas las cookies:<br \/>1. Seleccione el men\u00fa \u00abHerramientas\u00bb.<br \/>2. A continuaci\u00f3n seleccione \u00abOpciones\u00bb.<br \/>3. A continuaci\u00f3n seleccione la opci\u00f3n \u00abPrivacidad\u00bb que encontrar\u00e1 en el panel superior\u00bb.<br \/>4. En la secci\u00f3n \u00abcookies\u00bb desactive la opci\u00f3n \u00abAceptar cookies de los sitios webs\u00bb.<br \/>5. Haga clic en \u00abAceptar\u00bb para guardar los cambios y cerrar.<\/p>\n\n<p>Obtenga m\u00e1s informaci\u00f3n\u00a0<a href=\"https:\/\/support.mozilla.org\/pt-PT\/kb\/cookies-informacao-que-os-websites-guardam-no-seu-computador\">aqu\u00ed<\/a>.<\/p>\n\n<p><strong>Si utiliza Internet Google Chrome:<\/strong><\/p>\n\n<p>De forma predeterminada Google Chrome permite todas las cookies aunque es posible ajustar esta configuraci\u00f3n. Para ajustar la utilizaci\u00f3n de cookies en sus dispositivos, haga clic en el men\u00fa de Chrome en la barra de herramientas del navegador.<\/p>\n\n<p>Siga los siguientes pasos:<\/p>\n\n<p>1. Haga clic en \u00abConfiguraci\u00f3n\u00bb.<br \/>2. A continuaci\u00f3n seleccione \u00abMostrar configuraci\u00f3n avanzada\u00bb.<br \/>3. En \u00abPrivacidad\u00bb haga clic en la opci\u00f3n \u00abConfiguraci\u00f3n de contenido\u00bb.<br \/>4. A continuaci\u00f3n seleccione \u00abBloquear datos para que no sean definidos por los sitios webs\u00bb.<\/p>\n\n<p>Obtenga m\u00e1s informaci\u00f3n\u00a0<a href=\"https:\/\/support.google.com\/chrome\/answer\/95647?hl=pt&amp;topic=14666&amp;ctx=topic\">aqu\u00ed<\/a>.<\/p>\n\n<p><strong>Si utiliza Safari:<\/strong><\/p>\n\n<p>Para desactivar todas las cookies:<\/p>\n\n<p>1. Primero seleccione la opci\u00f3n \u00abEditar\u00bb.<br \/>2. A continuaci\u00f3n haga clic en \u00abPreferencias\u00bb.<\/p>\n\n<p>3. En el panel superior, seleccione el icono \u00abPrivacidad\u00bb.<br \/>4. En la secci\u00f3n \u00abAceptar cookies\u00bb seleccione \u00abNunca\u00bb.<\/p>\n\n<p>Obtenga m\u00e1s informaci\u00f3n\u00a0<a href=\"https:\/\/support.apple.com\/pt-pt\/HT201265\">aqu\u00ed<\/a>.<\/p>\n\n<p>Para m\u00e1s informaci\u00f3n sobre c\u00f3mo controlar las cookies al visitar la web PeopleInBest, consulte\u00a0<a href=\"http:\/\/www.allaboutcookies.org\/\">www.allaboutcookies.org<\/a>.<\/p>\n\t\t\t\t\t\t\t\t<\/div>\n\t\t\t\t<\/div>\n\t\t\t\t\t<\/div>\n\t\t<\/div>\n\t\t\t\t\t<\/div>\n\t\t<\/section>\n\t\t\t\t<\/div>","protected":false},"excerpt":{"rendered":"<p>La Pol\u00edtica de Cookies y otras tecnolog\u00edas de rastreo regulan el tratamiento de los datos, incluidos los datos personales de los usuarios recogidos en relaci\u00f3n con<span class=\"excerpt-hellip\"> [\u2026]<\/span><\/p>\n","protected":false},"author":2,"featured_media":0,"parent":0,"menu_order":0,"comment_status":"closed","ping_status":"closed","template":"","meta":{"footnotes":""},"class_list":["post-1330","page","type-page","status-publish","hentry"],"yoast_head":"<!-- This site is optimized with the Yoast SEO plugin v27.5 - https:\/\/yoast.com\/product\/yoast-seo-wordpress\/ -->\n<title>Politica de Cookies - PeopleInBest<\/title>\n<meta name=\"robots\" content=\"index, follow, max-snippet:-1, max-image-preview:large, max-video-preview:-1\" \/>\n<link rel=\"canonical\" href=\"https:\/\/peopleinbest.es\/en\/politica-de-cookies\/\" \/>\n<meta property=\"og:locale\" content=\"en_GB\" \/>\n<meta property=\"og:type\" content=\"article\" \/>\n<meta property=\"og:title\" content=\"Politica de Cookies - PeopleInBest\" \/>\n<meta property=\"og:description\" content=\"La Pol\u00edtica de Cookies y otras tecnolog\u00edas de rastreo regulan el tratamiento de los datos, incluidos los datos personales de los usuarios recogidos en relaci\u00f3n con [\u2026]\" \/>\n<meta property=\"og:url\" content=\"https:\/\/peopleinbest.es\/en\/politica-de-cookies\/\" \/>\n<meta property=\"og:site_name\" content=\"PeopleInBest\" \/>\n<meta property=\"article:modified_time\" content=\"2023-07-26T10:25:31+00:00\" \/>\n<meta name=\"twitter:card\" content=\"summary_large_image\" \/>\n<meta name=\"twitter:label1\" content=\"Estimated reading time\" \/>\n\t<meta name=\"twitter:data1\" content=\"7 minutes\" \/>\n<script type=\"application\/ld+json\" class=\"yoast-schema-graph\">{\"@context\":\"https:\\\/\\\/schema.org\",\"@graph\":[{\"@type\":\"WebPage\",\"@id\":\"https:\\\/\\\/peopleinbest.es\\\/politica-de-cookies\\\/\",\"url\":\"https:\\\/\\\/peopleinbest.es\\\/politica-de-cookies\\\/\",\"name\":\"Politica de Cookies - PeopleInBest\",\"isPartOf\":{\"@id\":\"https:\\\/\\\/peopleinbest.es\\\/#website\"},\"datePublished\":\"2023-07-26T10:20:45+00:00\",\"dateModified\":\"2023-07-26T10:25:31+00:00\",\"inLanguage\":\"en-GB\",\"potentialAction\":[{\"@type\":\"ReadAction\",\"target\":[\"https:\\\/\\\/peopleinbest.es\\\/politica-de-cookies\\\/\"]}]},{\"@type\":\"WebSite\",\"@id\":\"https:\\\/\\\/peopleinbest.es\\\/#website\",\"url\":\"https:\\\/\\\/peopleinbest.es\\\/\",\"name\":\"PeopleInBest\",\"description\":\"Todos los Beneficios, una sola Plataforma\",\"publisher\":{\"@id\":\"https:\\\/\\\/peopleinbest.es\\\/#organization\"},\"potentialAction\":[{\"@type\":\"SearchAction\",\"target\":{\"@type\":\"EntryPoint\",\"urlTemplate\":\"https:\\\/\\\/peopleinbest.es\\\/?s={search_term_string}\"},\"query-input\":{\"@type\":\"PropertyValueSpecification\",\"valueRequired\":true,\"valueName\":\"search_term_string\"}}],\"inLanguage\":\"en-GB\"},{\"@type\":\"Organization\",\"@id\":\"https:\\\/\\\/peopleinbest.es\\\/#organization\",\"name\":\"PeopleInBest\",\"url\":\"https:\\\/\\\/peopleinbest.es\\\/\",\"logo\":{\"@type\":\"ImageObject\",\"inLanguage\":\"en-GB\",\"@id\":\"https:\\\/\\\/peopleinbest.es\\\/#\\\/schema\\\/logo\\\/image\\\/\",\"url\":\"https:\\\/\\\/peopleinbest.es\\\/wp-content\\\/uploads\\\/2023\\\/07\\\/logotipo.png\",\"contentUrl\":\"https:\\\/\\\/peopleinbest.es\\\/wp-content\\\/uploads\\\/2023\\\/07\\\/logotipo.png\",\"width\":977,\"height\":159,\"caption\":\"PeopleInBest\"},\"image\":{\"@id\":\"https:\\\/\\\/peopleinbest.es\\\/#\\\/schema\\\/logo\\\/image\\\/\"}}]}<\/script>\n<!-- \/ Yoast SEO plugin. -->","yoast_head_json":{"title":"Politica de Cookies - PeopleInBest","robots":{"index":"index","follow":"follow","max-snippet":"max-snippet:-1","max-image-preview":"max-image-preview:large","max-video-preview":"max-video-preview:-1"},"canonical":"https:\/\/peopleinbest.es\/en\/politica-de-cookies\/","og_locale":"en_GB","og_type":"article","og_title":"Politica de Cookies - PeopleInBest","og_description":"La Pol\u00edtica de Cookies y otras tecnolog\u00edas de rastreo regulan el tratamiento de los datos, incluidos los datos personales de los usuarios recogidos en relaci\u00f3n con [\u2026]","og_url":"https:\/\/peopleinbest.es\/en\/politica-de-cookies\/","og_site_name":"PeopleInBest","article_modified_time":"2023-07-26T10:25:31+00:00","twitter_card":"summary_large_image","twitter_misc":{"Estimated reading time":"7 minutes"},"schema":{"@context":"https:\/\/schema.org","@graph":[{"@type":"WebPage","@id":"https:\/\/peopleinbest.es\/politica-de-cookies\/","url":"https:\/\/peopleinbest.es\/politica-de-cookies\/","name":"Politica de Cookies - PeopleInBest","isPartOf":{"@id":"https:\/\/peopleinbest.es\/#website"},"datePublished":"2023-07-26T10:20:45+00:00","dateModified":"2023-07-26T10:25:31+00:00","inLanguage":"en-GB","potentialAction":[{"@type":"ReadAction","target":["https:\/\/peopleinbest.es\/politica-de-cookies\/"]}]},{"@type":"WebSite","@id":"https:\/\/peopleinbest.es\/#website","url":"https:\/\/peopleinbest.es\/","name":"PeopleInBest","description":"Todos los Beneficios, una sola Plataforma","publisher":{"@id":"https:\/\/peopleinbest.es\/#organization"},"potentialAction":[{"@type":"SearchAction","target":{"@type":"EntryPoint","urlTemplate":"https:\/\/peopleinbest.es\/?s={search_term_string}"},"query-input":{"@type":"PropertyValueSpecification","valueRequired":true,"valueName":"search_term_string"}}],"inLanguage":"en-GB"},{"@type":"Organization","@id":"https:\/\/peopleinbest.es\/#organization","name":"PeopleInBest","url":"https:\/\/peopleinbest.es\/","logo":{"@type":"ImageObject","inLanguage":"en-GB","@id":"https:\/\/peopleinbest.es\/#\/schema\/logo\/image\/","url":"https:\/\/peopleinbest.es\/wp-content\/uploads\/2023\/07\/logotipo.png","contentUrl":"https:\/\/peopleinbest.es\/wp-content\/uploads\/2023\/07\/logotipo.png","width":977,"height":159,"caption":"PeopleInBest"},"image":{"@id":"https:\/\/peopleinbest.es\/#\/schema\/logo\/image\/"}}]}},"_links":{"self":[{"href":"https:\/\/peopleinbest.es\/en\/wp-json\/wp\/v2\/pages\/1330","targetHints":{"allow":["GET"]}}],"collection":[{"href":"https:\/\/peopleinbest.es\/en\/wp-json\/wp\/v2\/pages"}],"about":[{"href":"https:\/\/peopleinbest.es\/en\/wp-json\/wp\/v2\/types\/page"}],"author":[{"embeddable":true,"href":"https:\/\/peopleinbest.es\/en\/wp-json\/wp\/v2\/users\/2"}],"replies":[{"embeddable":true,"href":"https:\/\/peopleinbest.es\/en\/wp-json\/wp\/v2\/comments?post=1330"}],"version-history":[{"count":9,"href":"https:\/\/peopleinbest.es\/en\/wp-json\/wp\/v2\/pages\/1330\/revisions"}],"predecessor-version":[{"id":1340,"href":"https:\/\/peopleinbest.es\/en\/wp-json\/wp\/v2\/pages\/1330\/revisions\/1340"}],"wp:attachment":[{"href":"https:\/\/peopleinbest.es\/en\/wp-json\/wp\/v2\/media?parent=1330"}],"curies":[{"name":"wp","href":"https:\/\/api.w.org\/{rel}","templated":true}]}}