{"id":1347,"date":"2023-07-26T13:30:05","date_gmt":"2023-07-26T13:30:05","guid":{"rendered":"https:\/\/peopleinbest.es\/?page_id=1347"},"modified":"2023-07-26T13:33:40","modified_gmt":"2023-07-26T13:33:40","slug":"terminos-y-condiciones","status":"publish","type":"page","link":"https:\/\/peopleinbest.es\/en\/terminos-y-condiciones\/","title":{"rendered":"T\u00e9rminos y Condiciones"},"content":{"rendered":"<div data-elementor-type=\"wp-page\" data-elementor-id=\"1347\" class=\"elementor elementor-1347\">\n\t\t\t\t\t\t<section class=\"elementor-section elementor-top-section elementor-element elementor-element-3b651e50 elementor-section-boxed elementor-section-height-default elementor-section-height-default\" data-id=\"3b651e50\" data-element_type=\"section\" data-e-type=\"section\">\n\t\t\t\t\t\t<div class=\"elementor-container elementor-column-gap-default\">\n\t\t\t\t\t<div class=\"elementor-column elementor-col-100 elementor-top-column elementor-element elementor-element-1e276298\" data-id=\"1e276298\" data-element_type=\"column\" data-e-type=\"column\">\n\t\t\t<div class=\"elementor-widget-wrap elementor-element-populated\">\n\t\t\t\t\t\t<div class=\"elementor-element elementor-element-1292ad34 elementor-widget elementor-widget-text-editor\" data-id=\"1292ad34\" data-element_type=\"widget\" data-e-type=\"widget\" data-widget_type=\"text-editor.default\">\n\t\t\t\t<div class=\"elementor-widget-container\">\n\t\t\t\t\t\t\t\t\t<p><\/p>\n<p><\/p>\n<p><!-- \/wp:list --><!-- wp:paragraph --><\/p>\n<p>Peopleinbest Espa\u00f1a, S.L., como responsable del tratamiento, le informa que sus datos son recabados con la finalidad de: recoger los datos de car\u00e1cter personal que sean obtenidos a trav\u00e9s de los formularios de contacto disponibles en la p\u00e1gina web de la marca para el contacto con el solicitante y responder a las consultas planteadas.<\/p>\n<p>\u00a0 <br \/>La base jur\u00eddica para el tratamiento es la base legal para el tratamiento de sus datos es el consentimiento del interesado al contactar con nuestra organizaci\u00f3n. Sus datos no se ceder\u00e1n a terceros salvo obligaci\u00f3n legal. Cualquier persona tiene derecho a solicitar el acceso, rectificaci\u00f3n, supresi\u00f3n, limitaci\u00f3n del tratamiento, oposici\u00f3n o derecho a la portabilidad de sus datos personales, escribi\u00e9ndonos a la direcci\u00f3n de nuestras oficinas, o enviando un correo electr\u00f3nico a info@peopleinbest.es, indicando el derecho que desea ejercer. Puede obtener informaci\u00f3n adicional en nuestra <a href=\"https:\/\/peopleinbest.es\/en\/politica-de-privacidad\/\" target=\"_blank\" rel=\"noopener\">Pol\u00edtica de Privacidad<\/a>.<\/p>\n<p><!-- \/wp:paragraph --><\/p>\t\t\t\t\t\t\t\t<\/div>\n\t\t\t\t<\/div>\n\t\t\t\t\t<\/div>\n\t\t<\/div>\n\t\t\t\t\t<\/div>\n\t\t<\/section>\n\t\t\t\t<\/div>","protected":false},"excerpt":{"rendered":"<p>Peopleinbest Espa\u00f1a, S.L., como responsable del tratamiento, le informa que sus datos son recabados con la finalidad de: recoger los datos de car\u00e1cter personal que sean<span class=\"excerpt-hellip\"> [\u2026]<\/span><\/p>\n","protected":false},"author":2,"featured_media":0,"parent":0,"menu_order":0,"comment_status":"closed","ping_status":"closed","template":"","meta":{"footnotes":""},"class_list":["post-1347","page","type-page","status-publish","hentry"],"yoast_head":"<!-- This site is optimized with the Yoast SEO plugin v27.5 - https:\/\/yoast.com\/product\/yoast-seo-wordpress\/ -->\n<title>T\u00e9rminos y Condiciones - PeopleInBest<\/title>\n<meta name=\"robots\" content=\"index, follow, max-snippet:-1, max-image-preview:large, max-video-preview:-1\" \/>\n<link rel=\"canonical\" href=\"https:\/\/peopleinbest.es\/en\/terminos-y-condiciones\/\" \/>\n<meta property=\"og:locale\" content=\"en_GB\" \/>\n<meta property=\"og:type\" content=\"article\" \/>\n<meta property=\"og:title\" content=\"T\u00e9rminos y Condiciones - PeopleInBest\" \/>\n<meta property=\"og:description\" content=\"Peopleinbest Espa\u00f1a, S.L., como responsable del tratamiento, le informa que sus datos son recabados con la finalidad de: recoger los datos de car\u00e1cter personal que sean [\u2026]\" \/>\n<meta property=\"og:url\" content=\"https:\/\/peopleinbest.es\/en\/terminos-y-condiciones\/\" \/>\n<meta property=\"og:site_name\" content=\"PeopleInBest\" \/>\n<meta property=\"article:modified_time\" content=\"2023-07-26T13:33:40+00:00\" \/>\n<meta name=\"twitter:card\" content=\"summary_large_image\" \/>\n<meta name=\"twitter:label1\" content=\"Estimated reading time\" \/>\n\t<meta name=\"twitter:data1\" content=\"1 minute\" \/>\n<script type=\"application\/ld+json\" class=\"yoast-schema-graph\">{\"@context\":\"https:\\\/\\\/schema.org\",\"@graph\":[{\"@type\":\"WebPage\",\"@id\":\"https:\\\/\\\/peopleinbest.es\\\/terminos-y-condiciones\\\/\",\"url\":\"https:\\\/\\\/peopleinbest.es\\\/terminos-y-condiciones\\\/\",\"name\":\"T\u00e9rminos y Condiciones - PeopleInBest\",\"isPartOf\":{\"@id\":\"https:\\\/\\\/peopleinbest.es\\\/#website\"},\"datePublished\":\"2023-07-26T13:30:05+00:00\",\"dateModified\":\"2023-07-26T13:33:40+00:00\",\"inLanguage\":\"en-GB\",\"potentialAction\":[{\"@type\":\"ReadAction\",\"target\":[\"https:\\\/\\\/peopleinbest.es\\\/terminos-y-condiciones\\\/\"]}]},{\"@type\":\"WebSite\",\"@id\":\"https:\\\/\\\/peopleinbest.es\\\/#website\",\"url\":\"https:\\\/\\\/peopleinbest.es\\\/\",\"name\":\"PeopleInBest\",\"description\":\"Todos los Beneficios, una sola Plataforma\",\"publisher\":{\"@id\":\"https:\\\/\\\/peopleinbest.es\\\/#organization\"},\"potentialAction\":[{\"@type\":\"SearchAction\",\"target\":{\"@type\":\"EntryPoint\",\"urlTemplate\":\"https:\\\/\\\/peopleinbest.es\\\/?s={search_term_string}\"},\"query-input\":{\"@type\":\"PropertyValueSpecification\",\"valueRequired\":true,\"valueName\":\"search_term_string\"}}],\"inLanguage\":\"en-GB\"},{\"@type\":\"Organization\",\"@id\":\"https:\\\/\\\/peopleinbest.es\\\/#organization\",\"name\":\"PeopleInBest\",\"url\":\"https:\\\/\\\/peopleinbest.es\\\/\",\"logo\":{\"@type\":\"ImageObject\",\"inLanguage\":\"en-GB\",\"@id\":\"https:\\\/\\\/peopleinbest.es\\\/#\\\/schema\\\/logo\\\/image\\\/\",\"url\":\"https:\\\/\\\/peopleinbest.es\\\/wp-content\\\/uploads\\\/2023\\\/07\\\/logotipo.png\",\"contentUrl\":\"https:\\\/\\\/peopleinbest.es\\\/wp-content\\\/uploads\\\/2023\\\/07\\\/logotipo.png\",\"width\":977,\"height\":159,\"caption\":\"PeopleInBest\"},\"image\":{\"@id\":\"https:\\\/\\\/peopleinbest.es\\\/#\\\/schema\\\/logo\\\/image\\\/\"}}]}<\/script>\n<!-- \/ Yoast SEO plugin. -->","yoast_head_json":{"title":"T\u00e9rminos y Condiciones - PeopleInBest","robots":{"index":"index","follow":"follow","max-snippet":"max-snippet:-1","max-image-preview":"max-image-preview:large","max-video-preview":"max-video-preview:-1"},"canonical":"https:\/\/peopleinbest.es\/en\/terminos-y-condiciones\/","og_locale":"en_GB","og_type":"article","og_title":"T\u00e9rminos y Condiciones - PeopleInBest","og_description":"Peopleinbest Espa\u00f1a, S.L., como responsable del tratamiento, le informa que sus datos son recabados con la finalidad de: recoger los datos de car\u00e1cter personal que sean [\u2026]","og_url":"https:\/\/peopleinbest.es\/en\/terminos-y-condiciones\/","og_site_name":"PeopleInBest","article_modified_time":"2023-07-26T13:33:40+00:00","twitter_card":"summary_large_image","twitter_misc":{"Estimated reading time":"1 minute"},"schema":{"@context":"https:\/\/schema.org","@graph":[{"@type":"WebPage","@id":"https:\/\/peopleinbest.es\/terminos-y-condiciones\/","url":"https:\/\/peopleinbest.es\/terminos-y-condiciones\/","name":"T\u00e9rminos y Condiciones - PeopleInBest","isPartOf":{"@id":"https:\/\/peopleinbest.es\/#website"},"datePublished":"2023-07-26T13:30:05+00:00","dateModified":"2023-07-26T13:33:40+00:00","inLanguage":"en-GB","potentialAction":[{"@type":"ReadAction","target":["https:\/\/peopleinbest.es\/terminos-y-condiciones\/"]}]},{"@type":"WebSite","@id":"https:\/\/peopleinbest.es\/#website","url":"https:\/\/peopleinbest.es\/","name":"PeopleInBest","description":"Todos los Beneficios, una sola Plataforma","publisher":{"@id":"https:\/\/peopleinbest.es\/#organization"},"potentialAction":[{"@type":"SearchAction","target":{"@type":"EntryPoint","urlTemplate":"https:\/\/peopleinbest.es\/?s={search_term_string}"},"query-input":{"@type":"PropertyValueSpecification","valueRequired":true,"valueName":"search_term_string"}}],"inLanguage":"en-GB"},{"@type":"Organization","@id":"https:\/\/peopleinbest.es\/#organization","name":"PeopleInBest","url":"https:\/\/peopleinbest.es\/","logo":{"@type":"ImageObject","inLanguage":"en-GB","@id":"https:\/\/peopleinbest.es\/#\/schema\/logo\/image\/","url":"https:\/\/peopleinbest.es\/wp-content\/uploads\/2023\/07\/logotipo.png","contentUrl":"https:\/\/peopleinbest.es\/wp-content\/uploads\/2023\/07\/logotipo.png","width":977,"height":159,"caption":"PeopleInBest"},"image":{"@id":"https:\/\/peopleinbest.es\/#\/schema\/logo\/image\/"}}]}},"_links":{"self":[{"href":"https:\/\/peopleinbest.es\/en\/wp-json\/wp\/v2\/pages\/1347","targetHints":{"allow":["GET"]}}],"collection":[{"href":"https:\/\/peopleinbest.es\/en\/wp-json\/wp\/v2\/pages"}],"about":[{"href":"https:\/\/peopleinbest.es\/en\/wp-json\/wp\/v2\/types\/page"}],"author":[{"embeddable":true,"href":"https:\/\/peopleinbest.es\/en\/wp-json\/wp\/v2\/users\/2"}],"replies":[{"embeddable":true,"href":"https:\/\/peopleinbest.es\/en\/wp-json\/wp\/v2\/comments?post=1347"}],"version-history":[{"count":4,"href":"https:\/\/peopleinbest.es\/en\/wp-json\/wp\/v2\/pages\/1347\/revisions"}],"predecessor-version":[{"id":1352,"href":"https:\/\/peopleinbest.es\/en\/wp-json\/wp\/v2\/pages\/1347\/revisions\/1352"}],"wp:attachment":[{"href":"https:\/\/peopleinbest.es\/en\/wp-json\/wp\/v2\/media?parent=1347"}],"curies":[{"name":"wp","href":"https:\/\/api.w.org\/{rel}","templated":true}]}}